{"id":372,"date":"2026-02-18T09:45:00","date_gmt":"2026-02-18T12:45:00","guid":{"rendered":"https:\/\/mktwebferraogroup.pt\/aita\/?page_id=372"},"modified":"2026-03-30T17:21:26","modified_gmt":"2026-03-30T20:21:26","slug":"contato","status":"publish","type":"page","link":"https:\/\/mktwebferraogroup.pt\/aita\/contato\/","title":{"rendered":"Contato"},"content":{"rendered":"\t\t<div data-elementor-type=\"wp-page\" data-elementor-id=\"372\" class=\"elementor elementor-372\" data-elementor-post-type=\"page\">\n\t\t\t\t\t\t<section class=\"elementor-section elementor-top-section elementor-element elementor-element-5f56b4e8 elementor-section-height-min-height elementor-section-boxed elementor-section-height-default elementor-section-items-middle\" data-id=\"5f56b4e8\" data-element_type=\"section\" data-e-type=\"section\" data-settings=\"{&quot;background_background&quot;:&quot;classic&quot;}\">\n\t\t\t\t\t\t\t<div class=\"elementor-background-overlay\"><\/div>\n\t\t\t\t\t\t\t<div class=\"elementor-container elementor-column-gap-no\">\n\t\t\t\t\t<div class=\"elementor-column elementor-col-100 elementor-top-column elementor-element elementor-element-4dd6e5b3\" data-id=\"4dd6e5b3\" data-element_type=\"column\" data-e-type=\"column\">\n\t\t\t<div class=\"elementor-widget-wrap elementor-element-populated\">\n\t\t\t\t\t\t<div class=\"elementor-element elementor-element-7ab4cef elementor-widget elementor-widget-heading\" data-id=\"7ab4cef\" data-element_type=\"widget\" data-e-type=\"widget\" data-widget_type=\"heading.default\">\n\t\t\t\t\t<h1 class=\"elementor-heading-title elementor-size-default\">Contato<\/h1>\t\t\t\t<\/div>\n\t\t\t\t\t<\/div>\n\t\t<\/div>\n\t\t\t\t\t<\/div>\n\t\t<\/section>\n\t\t\t\t<section class=\"elementor-section elementor-top-section elementor-element elementor-element-3a1743d2 elementor-reverse-tablet elementor-reverse-mobile elementor-section-boxed elementor-section-height-default elementor-section-height-default\" data-id=\"3a1743d2\" data-element_type=\"section\" data-e-type=\"section\">\n\t\t\t\t\t\t\t<div class=\"elementor-background-overlay\"><\/div>\n\t\t\t\t\t\t\t<div class=\"elementor-container elementor-column-gap-no\">\n\t\t\t\t\t<div class=\"elementor-column elementor-col-50 elementor-top-column elementor-element elementor-element-5ccfc099\" data-id=\"5ccfc099\" data-element_type=\"column\" data-e-type=\"column\" data-settings=\"{&quot;background_background&quot;:&quot;classic&quot;}\">\n\t\t\t<div class=\"elementor-widget-wrap elementor-element-populated\">\n\t\t\t\t\t\t<div class=\"elementor-element elementor-element-29e62ced elementor-button-align-stretch elementor-widget elementor-widget-form\" data-id=\"29e62ced\" data-element_type=\"widget\" data-e-type=\"widget\" data-settings=\"{&quot;button_width&quot;:&quot;40&quot;,&quot;step_next_label&quot;:&quot;Next&quot;,&quot;step_previous_label&quot;:&quot;Previous&quot;,&quot;step_type&quot;:&quot;number_text&quot;,&quot;step_icon_shape&quot;:&quot;circle&quot;}\" data-widget_type=\"form.default\">\n\t\t\t\t\t\t\t<form class=\"elementor-form\" method=\"post\" name=\"New Form\" aria-label=\"New Form\">\n\t\t\t<input type=\"hidden\" name=\"post_id\" value=\"372\"\/>\n\t\t\t<input type=\"hidden\" name=\"form_id\" value=\"29e62ced\"\/>\n\t\t\t<input type=\"hidden\" name=\"referer_title\" value=\"Contato\" \/>\n\n\t\t\t\t\t\t\t<input type=\"hidden\" name=\"queried_id\" value=\"372\"\/>\n\t\t\t\n\t\t\t<div class=\"ele-extensions-hide-form elementor-form-fields-wrapper elementor-labels-\">\n\t\t\t\t\t\t\t\t<div class=\"elementor-field-type-text elementor-field-group elementor-column elementor-field-group-nome elementor-col-100\">\n\t\t\t\t\t\t\t\t\t\t\t\t<label for=\"form-field-nome\" class=\"elementor-field-label elementor-screen-only\">\n\t\t\t\t\t\t\t\tNome\t\t\t\t\t\t\t<\/label>\n\t\t\t\t\t\t\t\t\t\t\t\t\t\t<input size=\"1\" type=\"text\" name=\"form_fields[nome]\" id=\"form-field-nome\" class=\"elementor-field elementor-size-sm  elementor-field-textual\" placeholder=\"Seu Nome..\">\n\t\t\t\t\t\t\t\t\t\t\t<\/div>\n\t\t\t\t\t\t\t\t<div class=\"elementor-field-type-email elementor-field-group elementor-column elementor-field-group-email elementor-col-50 elementor-field-required\">\n\t\t\t\t\t\t\t\t\t\t\t\t<label for=\"form-field-email\" class=\"elementor-field-label elementor-screen-only\">\n\t\t\t\t\t\t\t\tEmail\t\t\t\t\t\t\t<\/label>\n\t\t\t\t\t\t\t\t\t\t\t\t\t\t<input size=\"1\" type=\"email\" name=\"form_fields[email]\" id=\"form-field-email\" class=\"elementor-field elementor-size-sm  elementor-field-textual\" placeholder=\"Seu Email..\" required=\"required\">\n\t\t\t\t\t\t\t\t\t\t\t<\/div>\n\t\t\t\t\t\t\t\t<div class=\"elementor-field-type-number elementor-field-group elementor-column elementor-field-group-telefone elementor-col-50\">\n\t\t\t\t\t\t\t\t\t\t\t\t<label for=\"form-field-telefone\" class=\"elementor-field-label elementor-screen-only\">\n\t\t\t\t\t\t\t\tTelefone\t\t\t\t\t\t\t<\/label>\n\t\t\t\t\t\t\t\t\t<input type=\"number\" name=\"form_fields[telefone]\" id=\"form-field-telefone\" class=\"elementor-field elementor-size-sm  elementor-field-textual\" placeholder=\"Seu Telefone..\" min=\"\" max=\"\" >\n\t\t\t\t\t\t<\/div>\n\t\t\t\t\t\t\t\t<div class=\"elementor-field-type-textarea elementor-field-group elementor-column elementor-field-group-mensagem elementor-col-100\">\n\t\t\t\t\t\t\t\t\t\t\t\t<label for=\"form-field-mensagem\" class=\"elementor-field-label elementor-screen-only\">\n\t\t\t\t\t\t\t\tMensagem\t\t\t\t\t\t\t<\/label>\n\t\t\t\t\t\t<textarea class=\"elementor-field-textual elementor-field  elementor-size-sm\" name=\"form_fields[mensagem]\" id=\"form-field-mensagem\" rows=\"6\" placeholder=\"Escreva uma mensagem..\"><\/textarea>\t\t\t\t<\/div>\n\t\t\t\t\t\t\t\t<div class=\"elementor-field-group elementor-column elementor-field-type-submit elementor-col-40 e-form__buttons\">\n\t\t\t\t\t<button class=\"elementor-button elementor-size-sm elementor-animation-pulse\" type=\"submit\">\n\t\t\t\t\t\t<span class=\"elementor-button-content-wrapper\">\n\t\t\t\t\t\t\t\t\t\t\t\t\t\t\t\t\t\t\t\t\t\t<span class=\"elementor-button-text\">ENVIAR MENSAGEM<\/span>\n\t\t\t\t\t\t\t\t\t\t\t\t\t<\/span>\n\t\t\t\t\t<\/button>\n\t\t\t\t<\/div>\n\t\t\t<\/div>\n\t\t<\/form>\n\t\t\t\t\t\t<\/div>\n\t\t\t\t\t<\/div>\n\t\t<\/div>\n\t\t\t\t<div class=\"elementor-column elementor-col-50 elementor-top-column elementor-element elementor-element-363d8ec5\" data-id=\"363d8ec5\" data-element_type=\"column\" data-e-type=\"column\">\n\t\t\t<div class=\"elementor-widget-wrap elementor-element-populated\">\n\t\t\t\t\t\t<div class=\"elementor-element elementor-element-259e119e elementor-widget elementor-widget-heading\" data-id=\"259e119e\" data-element_type=\"widget\" data-e-type=\"widget\" data-widget_type=\"heading.default\">\n\t\t\t\t\t<h3 class=\"elementor-heading-title elementor-size-default\"><a href=\"http:\/\/ue\">Seguran\u00e7a se constr\u00f3i com di\u00e1logo. Fale com nossos especialistas.<\/a><\/h3>\t\t\t\t<\/div>\n\t\t\t\t<div class=\"elementor-element elementor-element-77894a83 elementor-view-stacked elementor-position-inline-start elementor-shape-circle elementor-mobile-position-block-start elementor-widget elementor-widget-icon-box\" data-id=\"77894a83\" data-element_type=\"widget\" data-e-type=\"widget\" data-widget_type=\"icon-box.default\">\n\t\t\t\t\t\t\t<div class=\"elementor-icon-box-wrapper\">\n\n\t\t\t\t\t\t<div class=\"elementor-icon-box-icon\">\n\t\t\t\t<span  class=\"elementor-icon\">\n\t\t\t\t<svg class=\"ekit-svg-icon icon-map-marker1\" viewBox=\"0 0 32 32\" xmlns=\"http:\/\/www.w3.org\/2000\/svg\"><path d=\"M15.988 6.775c-3.694 0-6.694 3.006-6.694 6.694s3 6.7 6.694 6.7 6.694-3.006 6.694-6.694-3-6.7-6.694-6.7zM15.988 18.563c-2.806 0-5.088-2.288-5.088-5.088s2.287-5.088 5.088-5.088 5.088 2.287 5.088 5.088-2.275 5.088-5.088 5.088zM15.988 0.4c-0.15 0-0.306 0-0.456 0.006-6.456 0.225-11.787 5.237-12.406 11.662-0.119 1.244-0.056 2.494 0.169 3.688 0 0 0.019 0.15 0.094 0.431 0.194 0.881 0.494 1.744 0.862 2.538 1.331 3.15 4.244 8 10.569 13.25 0.331 0.275 0.75 0.425 1.188 0.425 0.431 0 0.85-0.15 1.188-0.425 6.319-5.244 9.231-10.1 10.556-13.225 0.381-0.819 0.675-1.681 0.869-2.563 0.038-0.156 0.063-0.287 0.087-0.412 0.156-0.806 0.238-1.631 0.238-2.456-0.025-7.119-5.825-12.919-12.956-12.919zM27.106 15.5c0 0.012-0.019 0.125-0.063 0.325-0.175 0.775-0.431 1.525-0.775 2.269-1.262 2.988-4.037 7.6-10.106 12.637-0.056 0.044-0.119 0.056-0.163 0.056-0.037 0-0.106-0.012-0.162-0.056-6.075-5.037-8.856-9.65-10.125-12.656-0.331-0.719-0.588-1.475-0.769-2.25-0.037-0.169-0.056-0.275-0.063-0.306 0-0.012-0.006-0.025-0.006-0.037-0.2-1.069-0.256-2.169-0.15-3.256 0.544-5.625 5.212-10.019 10.869-10.213 6.425-0.225 11.725 4.938 11.725 11.319 0 0.719-0.075 1.438-0.212 2.169z\"><\/path><\/svg>\t\t\t\t<\/span>\n\t\t\t<\/div>\n\t\t\t\n\t\t\t\t\t\t<div class=\"elementor-icon-box-content\">\n\n\t\t\t\t\t\t\t\t\t<h5 class=\"elementor-icon-box-title\">\n\t\t\t\t\t\t<span  >\n\t\t\t\t\t\t\tEndere\u00e7o:\t\t\t\t\t\t<\/span>\n\t\t\t\t\t<\/h5>\n\t\t\t\t\n\t\t\t\t\t\t\t\t\t<p class=\"elementor-icon-box-description\">\n\t\t\t\t\t\tRua Victor Meirelles, 600  sala 714  - Campinas - S\u00e3o Jos\u00e9, SC  - CEP 88101170\t\t\t\t\t<\/p>\n\t\t\t\t\n\t\t\t<\/div>\n\t\t\t\n\t\t<\/div>\n\t\t\t\t\t\t<\/div>\n\t\t\t\t<div class=\"elementor-element elementor-element-2f6fdf8a elementor-view-stacked elementor-position-inline-start elementor-shape-circle elementor-mobile-position-block-start elementor-widget elementor-widget-icon-box\" data-id=\"2f6fdf8a\" data-element_type=\"widget\" data-e-type=\"widget\" data-widget_type=\"icon-box.default\">\n\t\t\t\t\t\t\t<div class=\"elementor-icon-box-wrapper\">\n\n\t\t\t\t\t\t<div class=\"elementor-icon-box-icon\">\n\t\t\t\t<span  class=\"elementor-icon\">\n\t\t\t\t<svg class=\"ekit-svg-icon icon-phone1\" viewBox=\"0 0 32 32\" xmlns=\"http:\/\/www.w3.org\/2000\/svg\"><path d=\"M25.288 20.225c-0.656-0.681-1.444-1.044-2.281-1.044-0.831 0-1.625 0.356-2.313 1.038l-2.131 2.125c-0.175-0.094-0.35-0.181-0.519-0.269-0.244-0.119-0.475-0.238-0.669-0.356-2-1.269-3.819-2.925-5.556-5.063-0.844-1.069-1.412-1.963-1.825-2.875 0.556-0.506 1.069-1.031 1.569-1.537 0.188-0.188 0.381-0.387 0.569-0.575 1.419-1.419 1.419-3.256 0-4.675l-1.844-1.844c-0.206-0.206-0.425-0.425-0.625-0.644-0.406-0.419-0.831-0.85-1.269-1.256-0.656-0.65-1.438-0.994-2.263-0.994s-1.619 0.344-2.294 0.994c-0.006 0.006-0.006 0.006-0.013 0.013l-2.294 2.319c-0.863 0.862-1.356 1.919-1.462 3.138-0.163 1.975 0.419 3.806 0.863 5.013 1.094 2.95 2.731 5.688 5.169 8.619 2.956 3.531 6.519 6.319 10.581 8.288 1.556 0.738 3.625 1.606 5.944 1.756 0.144 0.006 0.288 0.013 0.425 0.013 1.563 0 2.869-0.563 3.9-1.675 0.006-0.012 0.019-0.019 0.025-0.031 0.35-0.425 0.756-0.813 1.181-1.225 0.288-0.275 0.587-0.569 0.875-0.869 0.669-0.694 1.019-1.506 1.019-2.337 0-0.837-0.356-1.644-1.038-2.319l-3.725-3.725zM27.706 27.337c-0.006 0-0.006 0.006 0 0-0.262 0.281-0.531 0.538-0.825 0.825-0.438 0.419-0.887 0.856-1.306 1.35-0.681 0.731-1.488 1.075-2.538 1.075-0.1 0-0.206 0-0.313-0.006-2.006-0.131-3.869-0.913-5.269-1.581-3.825-1.85-7.181-4.475-9.969-7.806-2.294-2.781-3.837-5.35-4.856-8.1-0.625-1.681-0.856-2.994-0.756-4.225 0.069-0.787 0.369-1.444 0.931-2.006l2.3-2.3c0.331-0.313 0.681-0.481 1.025-0.481 0.425 0 0.769 0.256 0.987 0.475 0.006 0.006 0.013 0.013 0.019 0.019 0.412 0.388 0.806 0.781 1.219 1.206 0.206 0.219 0.425 0.431 0.644 0.656l1.844 1.844c0.719 0.719 0.719 1.375 0 2.094-0.194 0.194-0.387 0.394-0.581 0.581-0.569 0.581-1.106 1.119-1.694 1.65-0.012 0.012-0.025 0.019-0.031 0.031-0.581 0.581-0.475 1.15-0.35 1.531 0.006 0.019 0.012 0.037 0.019 0.063 0.481 1.162 1.156 2.256 2.181 3.556l0.006 0.006c1.863 2.294 3.831 4.087 6 5.456 0.275 0.175 0.563 0.319 0.831 0.45 0.244 0.119 0.475 0.238 0.669 0.356 0.025 0.012 0.056 0.031 0.081 0.050 0.231 0.113 0.444 0.169 0.669 0.169 0.563 0 0.913-0.35 1.025-0.469l2.313-2.313c0.231-0.231 0.594-0.506 1.019-0.506 0.419 0 0.762 0.262 0.975 0.494 0.006 0.006 0.006 0.006 0.012 0.012l3.719 3.719c0.688 0.7 0.688 1.406 0 2.125zM17.294 8.012c1.769 0.3 3.375 1.137 4.662 2.419s2.113 2.894 2.419 4.662c0.075 0.444 0.456 0.756 0.9 0.756 0.056 0 0.1-0.006 0.156-0.012 0.5-0.081 0.831-0.556 0.75-1.056-0.363-2.144-1.375-4.094-2.925-5.638-1.544-1.544-3.5-2.563-5.637-2.925-0.5-0.081-0.969 0.25-1.056 0.744-0.094 0.487 0.231 0.969 0.731 1.050zM31.962 14.519c-0.6-3.525-2.262-6.731-4.813-9.287s-5.762-4.213-9.288-4.813c-0.494-0.088-0.956 0.25-1.044 0.744-0.081 0.5 0.25 0.969 0.75 1.056 3.15 0.531 6.019 2.025 8.3 4.3 2.281 2.281 3.769 5.156 4.3 8.3 0.075 0.444 0.456 0.756 0.9 0.756 0.056 0 0.1-0.006 0.156-0.012 0.488-0.081 0.825-0.556 0.738-1.044z\"><\/path><\/svg>\t\t\t\t<\/span>\n\t\t\t<\/div>\n\t\t\t\n\t\t\t\t\t\t<div class=\"elementor-icon-box-content\">\n\n\t\t\t\t\t\t\t\t\t<h5 class=\"elementor-icon-box-title\">\n\t\t\t\t\t\t<span  >\n\t\t\t\t\t\t\tTelefone: \t\t\t\t\t\t<\/span>\n\t\t\t\t\t<\/h5>\n\t\t\t\t\n\t\t\t\t\t\t\t\t\t<p class=\"elementor-icon-box-description\">\n\t\t\t\t\t\t48 3035-1303\t\t\t\t\t<\/p>\n\t\t\t\t\n\t\t\t<\/div>\n\t\t\t\n\t\t<\/div>\n\t\t\t\t\t\t<\/div>\n\t\t\t\t<div class=\"elementor-element elementor-element-06f4460 elementor-view-stacked elementor-position-inline-start elementor-shape-circle elementor-mobile-position-block-start elementor-widget elementor-widget-icon-box\" data-id=\"06f4460\" data-element_type=\"widget\" data-e-type=\"widget\" data-widget_type=\"icon-box.default\">\n\t\t\t\t\t\t\t<div class=\"elementor-icon-box-wrapper\">\n\n\t\t\t\t\t\t<div class=\"elementor-icon-box-icon\">\n\t\t\t\t<span  class=\"elementor-icon\">\n\t\t\t\t<svg aria-hidden=\"true\" class=\"e-font-icon-svg e-fab-whatsapp\" viewBox=\"0 0 448 512\" xmlns=\"http:\/\/www.w3.org\/2000\/svg\"><path d=\"M380.9 97.1C339 55.1 283.2 32 223.9 32c-122.4 0-222 99.6-222 222 0 39.1 10.2 77.3 29.6 111L0 480l117.7-30.9c32.4 17.7 68.9 27 106.1 27h.1c122.3 0 224.1-99.6 224.1-222 0-59.3-25.2-115-67.1-157zm-157 341.6c-33.2 0-65.7-8.9-94-25.7l-6.7-4-69.8 18.3L72 359.2l-4.4-7c-18.5-29.4-28.2-63.3-28.2-98.2 0-101.7 82.8-184.5 184.6-184.5 49.3 0 95.6 19.2 130.4 54.1 34.8 34.9 56.2 81.2 56.1 130.5 0 101.8-84.9 184.6-186.6 184.6zm101.2-138.2c-5.5-2.8-32.8-16.2-37.9-18-5.1-1.9-8.8-2.8-12.5 2.8-3.7 5.6-14.3 18-17.6 21.8-3.2 3.7-6.5 4.2-12 1.4-32.6-16.3-54-29.1-75.5-66-5.7-9.8 5.7-9.1 16.3-30.3 1.8-3.7.9-6.9-.5-9.7-1.4-2.8-12.5-30.1-17.1-41.2-4.5-10.8-9.1-9.3-12.5-9.5-3.2-.2-6.9-.2-10.6-.2-3.7 0-9.7 1.4-14.8 6.9-5.1 5.6-19.4 19-19.4 46.3 0 27.3 19.9 53.7 22.6 57.4 2.8 3.7 39.1 59.7 94.8 83.8 35.2 15.2 49 16.5 66.6 13.9 10.7-1.6 32.8-13.4 37.4-26.4 4.6-13 4.6-24.1 3.2-26.4-1.3-2.5-5-3.9-10.5-6.6z\"><\/path><\/svg>\t\t\t\t<\/span>\n\t\t\t<\/div>\n\t\t\t\n\t\t\t\t\t\t<div class=\"elementor-icon-box-content\">\n\n\t\t\t\t\t\t\t\t\t<h5 class=\"elementor-icon-box-title\">\n\t\t\t\t\t\t<span  >\n\t\t\t\t\t\t\tWhatsApp \/ Celular:\t\t\t\t\t\t<\/span>\n\t\t\t\t\t<\/h5>\n\t\t\t\t\n\t\t\t\t\t\t\t\t\t<p class=\"elementor-icon-box-description\">\n\t\t\t\t\t\t48 98833-5590\t\t\t\t\t<\/p>\n\t\t\t\t\n\t\t\t<\/div>\n\t\t\t\n\t\t<\/div>\n\t\t\t\t\t\t<\/div>\n\t\t\t\t<div class=\"elementor-element elementor-element-280a3605 elementor-view-stacked elementor-position-inline-start elementor-shape-circle elementor-mobile-position-block-start elementor-widget elementor-widget-icon-box\" data-id=\"280a3605\" data-element_type=\"widget\" data-e-type=\"widget\" data-widget_type=\"icon-box.default\">\n\t\t\t\t\t\t\t<div class=\"elementor-icon-box-wrapper\">\n\n\t\t\t\t\t\t<div class=\"elementor-icon-box-icon\">\n\t\t\t\t<a href=\"mailto:contato@aitaseguros.com.br\" class=\"elementor-icon\" tabindex=\"-1\" aria-label=\"Email:\">\n\t\t\t\t<svg class=\"ekit-svg-icon icon-envelope11\" viewBox=\"0 0 32 32\" xmlns=\"http:\/\/www.w3.org\/2000\/svg\"><path d=\"M30.756 11.794l-14.4-10.563c-0.262-0.194-0.588-0.194-0.781 0l-14.563 10.613c-0.238 0.156-0.325 0.381-0.325 0.588v18.625c0 0.394 0.325 0.65 0.65 0.65h29.256c0.387 0 0.65-0.262 0.712-0.587v-18.456c0.006-0.356-0.119-0.575-0.55-0.869zM3.225 30.413l10.544-8.169 1.813 1.331c0.225 0.212 0.519 0.2 0.781 0l1.75-1.281 10.475 8.119h-25.363zM1.988 13.563l10.731 7.906-10.731 8.319v-16.225zM19.156 21.519l10.856-7.963v16.375l-10.856-8.413zM15.969 2.538l13.419 9.863-13.419 9.869-13.394-9.887 13.394-9.844z\"><\/path><\/svg>\t\t\t\t<\/a>\n\t\t\t<\/div>\n\t\t\t\n\t\t\t\t\t\t<div class=\"elementor-icon-box-content\">\n\n\t\t\t\t\t\t\t\t\t<h5 class=\"elementor-icon-box-title\">\n\t\t\t\t\t\t<a href=\"mailto:contato@aitaseguros.com.br\" >\n\t\t\t\t\t\t\tEmail:\t\t\t\t\t\t<\/a>\n\t\t\t\t\t<\/h5>\n\t\t\t\t\n\t\t\t\t\t\t\t\t\t<p class=\"elementor-icon-box-description\">\n\t\t\t\t\t\tcontato@aitaseguros.com.br\t\t\t\t\t<\/p>\n\t\t\t\t\n\t\t\t<\/div>\n\t\t\t\n\t\t<\/div>\n\t\t\t\t\t\t<\/div>\n\t\t\t\t\t<\/div>\n\t\t<\/div>\n\t\t\t\t\t<\/div>\n\t\t<\/section>\n\t\t\t\t<\/div>\n\t\t","protected":false},"excerpt":{"rendered":"<p>Contato Seguran\u00e7a se constr\u00f3i com di\u00e1logo. Fale com nossos especialistas. Endere\u00e7o: Rua Victor Meirelles, 600 sala 714 &#8211; Campinas &#8211; S\u00e3o Jos\u00e9, SC &#8211; CEP 88101170 Telefone: 48 3035-1303 WhatsApp \/ Celular: 48 98833-5590 Email: contato@aitaseguros.com.br<\/p>\n","protected":false},"author":1,"featured_media":0,"parent":0,"menu_order":0,"comment_status":"closed","ping_status":"closed","template":"elementor_header_footer","meta":{"footnotes":""},"class_list":["post-372","page","type-page","status-publish","hentry"],"_hostinger_reach_plugin_has_subscription_block":false,"_hostinger_reach_plugin_is_elementor":false,"_links":{"self":[{"href":"https:\/\/mktwebferraogroup.pt\/aita\/wp-json\/wp\/v2\/pages\/372","targetHints":{"allow":["GET"]}}],"collection":[{"href":"https:\/\/mktwebferraogroup.pt\/aita\/wp-json\/wp\/v2\/pages"}],"about":[{"href":"https:\/\/mktwebferraogroup.pt\/aita\/wp-json\/wp\/v2\/types\/page"}],"author":[{"embeddable":true,"href":"https:\/\/mktwebferraogroup.pt\/aita\/wp-json\/wp\/v2\/users\/1"}],"replies":[{"embeddable":true,"href":"https:\/\/mktwebferraogroup.pt\/aita\/wp-json\/wp\/v2\/comments?post=372"}],"version-history":[{"count":100,"href":"https:\/\/mktwebferraogroup.pt\/aita\/wp-json\/wp\/v2\/pages\/372\/revisions"}],"predecessor-version":[{"id":1269,"href":"https:\/\/mktwebferraogroup.pt\/aita\/wp-json\/wp\/v2\/pages\/372\/revisions\/1269"}],"wp:attachment":[{"href":"https:\/\/mktwebferraogroup.pt\/aita\/wp-json\/wp\/v2\/media?parent=372"}],"curies":[{"name":"wp","href":"https:\/\/api.w.org\/{rel}","templated":true}]}}